{"id":430,"date":"2018-05-09T14:14:01","date_gmt":"2018-05-09T14:14:01","guid":{"rendered":"https:\/\/centrumfoto.ee\/andmekaitsetingimused\/"},"modified":"2020-09-18T09:53:46","modified_gmt":"2020-09-18T06:53:46","slug":"andmekaitsetingimused","status":"publish","type":"page","link":"https:\/\/centrumfoto.ee\/en\/andmekaitsetingimused\/","title":{"rendered":"Andmekaitsetingimused"},"content":{"rendered":"<div class=\"fusion-fullwidth fullwidth-box fusion-builder-row-1 nonhundred-percent-fullwidth non-hundred-percent-height-scrolling\" style=\"--awb-border-radius-top-left:0px;--awb-border-radius-top-right:0px;--awb-border-radius-bottom-right:0px;--awb-border-radius-bottom-left:0px;--awb-flex-wrap:wrap;\" ><div class=\"fusion-builder-row fusion-row\"><div class=\"fusion-layout-column fusion_builder_column fusion-builder-column-0 fusion_builder_column_1_1 1_1 fusion-one-full fusion-column-first fusion-column-last\" style=\"--awb-bg-size:cover;--awb-margin-bottom:0px;\"><div class=\"fusion-column-wrapper fusion-flex-column-wrapper-legacy\"><div class=\"fusion-text fusion-text-1\"><p>K\u00e4esolevad andmekaitsetingimused on koostatud l\u00e4htuvalt Euroopa Parlamendi ja N\u00f5ukogu m\u00e4\u00e4rusest (EL) 2016\/679 ning reguleerivad andmekaitsetingimusi ja k\u00fcpsiste kasutamise p\u00f5him\u00f5tteid centrumfoto.ee veebilehel.<\/p>\n<h3><strong>Mis on k\u00fcpsis?<\/strong><\/h3>\n<p>K\u00fcpsis on v\u00e4ike tekstifail, mis kasutatakse veebilehe k\u00fclastamisel Teie seadmesse (nt arvuti, mobiiltelefon, tahvelarvuti). K\u00fcpsised sisaldavad teavet, mis aitavad meil tagada veebilehe toimimine ja turvalisus ning parandada veebilehe k\u00fclastajate kasutajakogemust.<\/p>\n<h3><strong>Kuidas k\u00fcpsised jagunevad ja mis eesm\u00e4rgil neid kasutatakse?<\/strong><\/h3>\n<p>Kasutame kahte liiki k\u00fcpsiseid \u2013 ajutised ehk seansik\u00fcpsised ja p\u00fcsik\u00fcpsised.<\/p>\n<ul>\n<li><strong>Seansik\u00fcpsised<\/strong> salvestuvad ainult veebilehe k\u00fclastamise ajaks ja kustuvad peale veebilehe sulgumist.<\/li>\n<li><strong>P\u00fcsik\u00fcpsised<\/strong> salvestuvad Teie seadmesse pikemaks ajaks \u2013 kuudeks v\u00f5i aastateks. P\u00fcsik\u00fcpsised salvestavad Teie eelistused v\u00f5i tegevused.<\/li>\n<\/ul>\n<p>Funktsionaalsuse poolest jagunevad k\u00fcpsised j\u00e4rgmiselt:<\/p>\n<ul>\n<li><strong>Tehnilised k\u00fcpsised<\/strong>, mis on vajalikud veebilehe toimimiseks. Ilma nende k\u00fcpsisteta ei pruugi k\u00f5ik veebilehe funktsioonid eesm\u00e4rgip\u00e4raselt toimida.<\/li>\n<li><strong>Anal\u00fc\u00fctilised k\u00fcpsised<\/strong>, mis koguvad teavet veebilehe kasutamise kohta. Anal\u00fc\u00fctilised k\u00fcpsised n\u00e4itavad, milliseid lehti k\u00fclastatakse k\u00f5ige sagedamini, kuidas k\u00fclastajad veebilehe k\u00e4ituvad ning kas k\u00fclastamisel on tekkinud raskuseid. Anal\u00fc\u00fctilised k\u00fcpsised ei kogu teavet isiku kohta ja nende abil pole v\u00f5imalik kedagi otseselt tuvastada.<\/li>\n<li><strong>Funktsionaalsusk\u00fcpsised<\/strong>, mis aitavad meeles pidada teie tehtud valikuid.<\/li>\n<li><strong>Sihip\u00e4rased k\u00fcpsised ehk reklaamik\u00fcpsised<\/strong>, mida kasutame selle jaoks, et n\u00e4idata Teie huvidega seonduvat reklaami ja piirata reklaami n\u00e4itamiste kordade arvu. \u00dchtlasi aitavad nad m\u00f5\u00f5ta reklaamkampaania t\u00f5husust.<\/li>\n<\/ul>\n<p><strong>Kolmandate osapoolte k\u00fcpsised<\/strong><\/p>\n<p>K\u00fcpsised, mis p\u00e4rinevad kolmandatelt isikutelt, keda me oma teenuste jaoks kasutame (Google, Facebook, Hotjar). Nende k\u00fcpsiste abil kogume teavet veebilehe statistika ja kasutajamugavuse kohta ning reklaamide jaoks. Me ei oma ligip\u00e4\u00e4su ega kontrolli kolmandate osapoolte paigaldatavaid k\u00fcpsiseid ning nende kasutamine toimub l\u00e4htuvalt paigaldajate endi \u00a0andmekaitsetingimustest.<\/p>\n<ul>\n<li>Facebook\u2019i k\u00fcpsiste kasutamise tingimustega saate tutvuda siin: <a href=\"https:\/\/www.facebook.com\/policies\/cookies\/\">https:\/\/www.facebook.com\/policies\/cookies\/<\/a><\/li>\n<li>Google\u2019i k\u00fcpsiste kasutamise tingimustega saate tutvuda siin: <a href=\"https:\/\/policies.google.com\/technologies\/cookies\">https:\/\/policies.google.com\/technologies\/cookies<\/a><\/li>\n<li>Hotjar\u2019i k\u00fcpsiste kasutamise tingimustega saate tutvuda siin: <a href=\"https:\/\/www.hotjar.com\/legal\/policies\/cookie-information\">https:\/\/www.hotjar.com\/legal\/policies\/cookie-information<\/a><\/li>\n<\/ul>\n<h3><strong>K\u00fcpsiste haldamine ja kustutamine<\/strong><\/h3>\n<p>Kui Te ei soovi, et Teie seadmes kasutatakse ja salvestatakse k\u00fcpsiseid, saate muuta vastavaid seadeid oma veebilehitseja turvas\u00e4tetes. Seal saate muuta k\u00fcpsiste salvestamise s\u00e4tteid v\u00f5i k\u00fcpsised \u00e4ra keelata, samuti kustutada juba Teie seadmesse salvestatud k\u00fcpsised. Juhime aga t\u00e4helepanu, et k\u00f5ikide k\u00fcpsiste blokeerimisel ei pruugi aga k\u00f5ik veebilehe\u00a0 funktsioonid t\u00f6\u00f6tada selliselt, nagu peaksid. K\u00fcpsiste seadete muutmine m\u00f5jutab k\u00f5iki veebilehti, mida Te k\u00fclastate.<\/p>\n<p>Lisame abistavad viited erinevate veeblehitsejate k\u00fcpsiste ja turvaseadete Teile sobivaks muutmiseks:<\/p>\n<ul>\n<li><a href=\"https:\/\/support.apple.com\/kb\/PH5042\">Safari<\/a><\/li>\n<li><a href=\"https:\/\/support.google.com\/chrome\/answer\/95647?hl=en\">Google Chrome<\/a><\/li>\n<li><a href=\"https:\/\/support.microsoft.com\/en-us\/kb\/278835\">Internet Explorer<\/a><\/li>\n<li><a href=\"https:\/\/support.mozilla.org\/en-US\/kb\/Clear%20Recent%20History\">Mozilla Firefox<\/a><\/li>\n<\/ul>\n<h3><strong>Kontaktandmed<\/strong><\/h3>\n<p>Kui Teil tekib t\u00e4iendavaid k\u00fcsimusi seoses k\u00fcpsiste kasutamise eeskirja v\u00f5i andmet\u00f6\u00f6tlusega, kirjutage palun <a href=\"mailto:info@centrumfoto.ee\">info@centrumfoto.ee<\/a>.<\/p>\n<\/div><div class=\"fusion-clearfix\"><\/div><\/div><\/div><\/div><\/div>\n","protected":false},"excerpt":{"rendered":"","protected":false},"author":2,"featured_media":0,"parent":0,"menu_order":0,"comment_status":"closed","ping_status":"closed","template":"","meta":{"_acf_changed":false,"footnotes":""},"class_list":["post-430","page","type-page","status-publish","hentry"],"acf":[],"_links":{"self":[{"href":"https:\/\/centrumfoto.ee\/en\/wp-json\/wp\/v2\/pages\/430","targetHints":{"allow":["GET"]}}],"collection":[{"href":"https:\/\/centrumfoto.ee\/en\/wp-json\/wp\/v2\/pages"}],"about":[{"href":"https:\/\/centrumfoto.ee\/en\/wp-json\/wp\/v2\/types\/page"}],"author":[{"embeddable":true,"href":"https:\/\/centrumfoto.ee\/en\/wp-json\/wp\/v2\/users\/2"}],"replies":[{"embeddable":true,"href":"https:\/\/centrumfoto.ee\/en\/wp-json\/wp\/v2\/comments?post=430"}],"version-history":[{"count":0,"href":"https:\/\/centrumfoto.ee\/en\/wp-json\/wp\/v2\/pages\/430\/revisions"}],"wp:attachment":[{"href":"https:\/\/centrumfoto.ee\/en\/wp-json\/wp\/v2\/media?parent=430"}],"curies":[{"name":"wp","href":"https:\/\/api.w.org\/{rel}","templated":true}]}}