{"id":424,"date":"2018-05-03T17:32:15","date_gmt":"2018-05-03T17:32:15","guid":{"rendered":"https:\/\/centrumfoto.ee\/hinnakiri\/"},"modified":"2025-07-19T16:58:10","modified_gmt":"2025-07-19T13:58:10","slug":"prices","status":"publish","type":"page","link":"https:\/\/centrumfoto.ee\/en\/prices\/","title":{"rendered":"PRICES"},"content":{"rendered":"<div class=\"fusion-fullwidth fullwidth-box fusion-builder-row-1 nonhundred-percent-fullwidth non-hundred-percent-height-scrolling\" style=\"--awb-border-radius-top-left:0px;--awb-border-radius-top-right:0px;--awb-border-radius-bottom-right:0px;--awb-border-radius-bottom-left:0px;--awb-flex-wrap:wrap;\" ><div class=\"fusion-builder-row fusion-row\"><div class=\"fusion-layout-column fusion_builder_column fusion-builder-column-0 fusion_builder_column_1_1 1_1 fusion-one-full fusion-column-first fusion-column-last\" style=\"--awb-bg-blend:overlay;--awb-bg-size:cover;--awb-margin-bottom:0px;\"><div class=\"fusion-column-wrapper fusion-flex-column-wrapper-legacy\"><div class=\"fusion-text fusion-text-1\" style=\"--awb-text-transform:none;\"><h3 data-fontsize=\"20\" style=\"--fontSize:20; line-height: 1.5;\" data-lineheight=\"30px\" class=\"fusion-responsive-typography-calculated\">DOKUMENDIFOTO (ooteaeg alates 15.minutist) 10.90<\/h3>\n<p>Valmistame dokumendifotod passile, ID-kaardile, erinevatele viisadele, pensionitunnistusele, relvaloale, \u00f5pilaspiletile jt.<\/p>\n<table dir=\"ltr\" border=\"1\" cellspacing=\"0\" cellpadding=\"0\">\n<colgroup>\n<col width=\"944\">\n<col width=\"71\"><\/colgroup>\n<tbody>\n<tr>\n<td data-sheets-value=\"{\">Dokumendifoto 1- 4 fotot lehel<\/td>\n<td data-sheets-value=\"{\" data-sheets-numberformat=\"{\">12.90<\/td>\n<\/tr>\n<tr>\n<td data-sheets-value=\"{\">Dokumendifoto 6 tk lehel (ainult suurus 3,5 x 4,5)<\/td>\n<td data-sheets-value=\"{\" data-sheets-numberformat=\"{\">13.90<\/td>\n<\/tr>\n<tr>\n<td data-sheets-value=\"{\">Dokumendifoto 1- 4 fotot lehel ja fail andmekandjale<\/td>\n<td data-sheets-value=\"{\" data-sheets-numberformat=\"{\">13.90<\/td>\n<\/tr>\n<tr>\n<td data-sheets-value=\"{\">Dokumendifoto lisakomplekt<\/td>\n<td data-sheets-value=\"{\" data-sheets-numberformat=\"{\">5.90<\/td>\n<\/tr>\n<tr>\n<td data-sheets-value=\"{\">Dokumendifoto andmekandjale v\u00f5i e-mailile<\/td>\n<td data-sheets-value=\"{\" data-sheets-numberformat=\"{\">10.90<\/td>\n<\/tr>\n<tr>\n<td data-sheets-value=\"{\">Dokumendifoto kliendi failist<\/td>\n<td data-sheets-value=\"{\" data-sheets-numberformat=\"{\">7.50<\/td>\n<\/tr>\n<tr>\n<td data-sheets-value=\"{\">V\u00e4ikelapse pildistamise lisatasu <\/td>\n<td data-sheets-value=\"{\" data-sheets-numberformat=\"{\">3.00<\/td>\n<\/tr>\n<\/tbody>\n<\/table>\n<h3 data-fontsize=\"20\" style=\"--fontSize:20; line-height: 1.5;\" data-lineheight=\"30px\" class=\"fusion-responsive-typography-calculated\"><\/h3>\n<h3 data-fontsize=\"20\" style=\"--fontSize:20; line-height: 1.5;\" data-lineheight=\"30px\" class=\"fusion-responsive-typography-calculated\">FOTOD FAILIST<\/h3>\n<p><strong>Fotode miinimumtellimus internetikeskkonnas on <span style=\"color: #ff0000;\">2\u20ac<br \/>\n<\/span><\/strong><strong>Kohapeal kehtib v\u00e4ikesele tellimusele(3-9) erihind 10&#215;15 foto <span style=\"color: #ff0000;\">0.90<\/span><\/strong><\/p>\n<h3 data-fontsize=\"20\" style=\"--fontSize:20; line-height: 1.5;\" data-lineheight=\"30px\" class=\"fusion-responsive-typography-calculated\">KIIRFOTO (valmivad poes 1 tunniga v\u00f5i kodulehelt kauplusesse tellides 3 tunniga)<\/h3>\n<table dir=\"ltr\" border=\"1\" cellspacing=\"0\" cellpadding=\"0\">\n<colgroup>\n<col width=\"944\">\n<col width=\"71\"><\/colgroup>\n<tbody>\n<tr>\n<td data-sheets-value=\"{\"><\/td>\n<td data-sheets-value=\"{\"><\/td>\n<\/tr>\n<tr>\n<td data-sheets-value=\"{\">Foto 10&#215;15 1h<\/td>\n<td data-sheets-value=\"{\">0.50<\/td>\n<\/tr>\n<tr>\n<td data-sheets-value=\"{\"><\/td>\n<td data-sheets-value=\"{\"><\/td>\n<\/tr>\n<tr>\n<td data-sheets-value=\"{\">Foto 10&#215;15 kodulehe kaudu edastades 3h<\/td>\n<td data-sheets-value=\"{\">0.45<\/td>\n<\/tr>\n<tr>\n<td data-sheets-value=\"{\"><\/td>\n<td data-sheets-value=\"{\"><\/td>\n<\/tr>\n<tr>\n<td data-sheets-value=\"{\"><\/td>\n<td data-sheets-value=\"{\"><\/td>\n<\/tr>\n<tr>\n<td data-sheets-value=\"{\">Foto valimisega kohapeal 10&#215;15 (s\u00f5ltumata t\u00e4htajast)<\/td>\n<td data-sheets-value=\"{\">0.45<\/td>\n<\/tr>\n<tr>\n<td data-sheets-value=\"{\"><\/td>\n<td data-sheets-value=\"{\"><\/td>\n<\/tr>\n<tr>\n<td data-sheets-value=\"{\">Foto 10&#215;15 e-maili teel saadetud<\/td>\n<td data-sheets-value=\"{\">0.80<\/td>\n<\/tr>\n<tr>\n<td data-sheets-value=\"{\"><\/td>\n<td data-sheets-value=\"{\"><\/td>\n<\/tr>\n<tr>\n<td data-sheets-value=\"{\">Foto 15&#215;20<\/td>\n<td data-sheets-value=\"{\">3.00<\/td>\n<\/tr>\n<tr>\n<td data-sheets-value=\"{\"><\/td>\n<td data-sheets-value=\"{\"><\/td>\n<\/tr>\n<tr>\n<td data-sheets-value=\"{\">Foto 20&#215;30<\/td>\n<td data-sheets-value=\"{\">4.50<\/td>\n<\/tr>\n<tr>\n<td data-sheets-value=\"{\"><\/td>\n<td data-sheets-value=\"{\"><\/td>\n<\/tr>\n<\/tbody>\n<\/table>\n<h3 data-fontsize=\"20\" style=\"--fontSize:20; line-height: 1.5;\" data-lineheight=\"30px\" class=\"fusion-responsive-typography-calculated\">FOTO HOMSEKS (fotod valmivad j\u00e4rgmiseks p\u00e4evaks 24h)<\/h3>\n<table dir=\"ltr\" border=\"1\" cellspacing=\"0\" cellpadding=\"0\">\n<colgroup>\n<col width=\"944\">\n<col width=\"71\"><\/colgroup>\n<tbody>\n<tr>\n<td data-sheets-value=\"{\">Foto 10&#215;15 10+<\/td>\n<td data-sheets-value=\"{\">0.34<\/td>\n<\/tr>\n<tr>\n<td data-sheets-value=\"{\"><\/td>\n<td data-sheets-value=\"{\"><\/td>\n<\/tr>\n<tr>\n<td data-sheets-value=\"{\">Foto valimisega kohapeal 10&#215;13 (s\u00f5ltumata t\u00e4htajast)<\/td>\n<td data-sheets-value=\"{\">0.45<\/td>\n<\/tr>\n<tr>\n<td data-sheets-value=\"{\">Foto valimisega kohapeal 10&#215;15 (s\u00f5ltumata t\u00e4htajast)<\/td>\n<td data-sheets-value=\"{\">0.45<\/td>\n<\/tr>\n<tr>\n<td data-sheets-value=\"{\"><\/td>\n<td data-sheets-value=\"{\"><\/td>\n<\/tr>\n<tr>\n<td data-sheets-value=\"{\">Foto 15&#215;20<\/td>\n<td data-sheets-value=\"{\">2.00<\/td>\n<\/tr>\n<tr>\n<td data-sheets-value=\"{\"><\/td>\n<td data-sheets-value=\"{\"><\/td>\n<\/tr>\n<tr>\n<td data-sheets-value=\"{\">Foto 20&#215;30<\/td>\n<td data-sheets-value=\"{\">3.00<\/td>\n<\/tr>\n<tr>\n<td data-sheets-value=\"{\"><\/td>\n<td data-sheets-value=\"{\"><\/td>\n<\/tr>\n<\/tbody>\n<\/table>\n<h3 data-fontsize=\"20\" style=\"--fontSize:20; line-height: 1.5;\" data-lineheight=\"30px\" class=\"fusion-responsive-typography-calculated\">SOODUSFOTO (fotod valmivad \u00fclej\u00e4rgmiseks p\u00e4evaks 48h)<\/h3>\n<table dir=\"ltr\" border=\"1\" cellspacing=\"0\" cellpadding=\"0\">\n<colgroup>\n<col width=\"944\">\n<col width=\"71\"><\/colgroup>\n<tbody>\n<tr>\n<td data-sheets-value=\"{\"><\/td>\n<td data-sheets-value=\"{\"><\/td>\n<\/tr>\n<tr>\n<td data-sheets-value=\"{\">Foto 10&#215;15 10+<\/td>\n<td data-sheets-value=\"{\">0.29<\/td>\n<\/tr>\n<tr>\n<td data-sheets-value=\"{\"><\/td>\n<td data-sheets-value=\"{\"><\/td>\n<\/tr>\n<tr>\n<td data-sheets-value=\"{\">Foto valikkaader 10&#215;15<\/td>\n<td data-sheets-value=\"{\">0.45<\/td>\n<\/tr>\n<tr>\n<td data-sheets-value=\"{\">Foto valimisega kohapeal 10&#215;13 (s\u00f5ltumata t\u00e4htajast)<\/td>\n<td data-sheets-value=\"{\">0.45<\/td>\n<\/tr>\n<tr>\n<td data-sheets-value=\"{\">Foto valimisega kohapeal 10&#215;15 (s\u00f5ltumata t\u00e4htajast)<\/td>\n<td data-sheets-value=\"{\">0.45<\/td>\n<\/tr>\n<tr>\n<td data-sheets-value=\"{\"><\/td>\n<td data-sheets-value=\"{\"><\/td>\n<\/tr>\n<tr>\n<td data-sheets-value=\"{\">Foto 15&#215;20<\/td>\n<td data-sheets-value=\"{\">1.50<\/td>\n<\/tr>\n<tr>\n<td data-sheets-value=\"{\"><\/td>\n<td data-sheets-value=\"{\"><\/td>\n<\/tr>\n<tr>\n<td data-sheets-value=\"{\">Foto 20&#215;30<\/td>\n<td data-sheets-value=\"{\" data-sheets-numberformat=\"{\">2.50<\/td>\n<\/tr>\n<tr>\n<td data-sheets-value=\"{\"><\/td>\n<td data-sheets-value=\"{\"><\/td>\n<\/tr>\n<\/tbody>\n<\/table>\n<h3 data-fontsize=\"20\" style=\"--fontSize:20; line-height: 1.5;\" data-lineheight=\"30px\" class=\"fusion-responsive-typography-calculated\">FOTOD 35MM NEGATIIVIST<\/h3>\n<table dir=\"ltr\" border=\"1\" cellspacing=\"0\" cellpadding=\"0\">\n<colgroup>\n<col width=\"944\">\n<col width=\"71\"><\/colgroup>\n<tbody>\n<tr>\n<td data-sheets-value=\"{\">35mm negatiivfilmi ilmutamine<\/td>\n<td data-sheets-value=\"{\">4.50<\/td>\n<\/tr>\n<tr>\n<td data-sheets-value=\"{\">Must-valge filmi ilmutamine (k\u00e4siilmutus 12\u20ac)<\/td>\n<td data-sheets-value=\"{\">8.00<\/td>\n<\/tr>\n<tr>\n<td data-sheets-value=\"{\">Foto 10&#215;15 (koos ilmutamisega)<\/td>\n<td data-sheets-value=\"{\">0.30<\/td>\n<\/tr>\n<tr>\n<td data-sheets-value=\"{\"><\/td>\n<td data-sheets-value=\"{\"><\/td>\n<\/tr>\n<tr>\n<td data-sheets-value=\"{\">Foto 10&#215;15 j\u00e4reltellimus<\/td>\n<td data-sheets-value=\"{\">0.40<\/td>\n<\/tr>\n<tr>\n<td data-sheets-value=\"{\"><\/td>\n<td data-sheets-value=\"{\"><\/td>\n<\/tr>\n<tr>\n<td data-sheets-value=\"{\">Foto 15&#215;20<\/td>\n<td data-sheets-value=\"{\">2.00<\/td>\n<\/tr>\n<tr>\n<td data-sheets-value=\"{\">Foto 20&#215;30<\/td>\n<td data-sheets-value=\"{\" data-sheets-numberformat=\"{\">3.00<\/td>\n<\/tr>\n<\/tbody>\n<\/table>\n<h3 data-fontsize=\"20\" style=\"--fontSize:20; line-height: 1.5;\" data-lineheight=\"30px\" class=\"fusion-responsive-typography-calculated\">FOTOD SLAIDIST<\/h3>\n<table dir=\"ltr\" border=\"1\" cellspacing=\"0\" cellpadding=\"0\">\n<colgroup>\n<col width=\"944\">\n<col width=\"71\"><\/colgroup>\n<tbody>\n<tr>\n<td data-sheets-value=\"{\">Foto slaidist 10&#215;15<\/td>\n<td data-sheets-value=\"{\" data-sheets-numberformat=\"{\">1.00<\/td>\n<\/tr>\n<tr>\n<td data-sheets-value=\"{\">Foto slaidist 10&#215;15 ja fail andmekandjale<\/td>\n<td data-sheets-value=\"{\" data-sheets-numberformat=\"{\">1.20<\/td>\n<\/tr>\n<tr>\n<td data-sheets-value=\"{\">Foto slaidist 15&#215;20<\/td>\n<td data-sheets-value=\"{\" data-sheets-numberformat=\"{\">2.50<\/td>\n<\/tr>\n<tr>\n<td data-sheets-value=\"{\">Foto slaidist 20&#215;30<\/td>\n<td data-sheets-value=\"{\" data-sheets-numberformat=\"{\">5.00<\/td>\n<\/tr>\n<\/tbody>\n<\/table>\n<h3 data-fontsize=\"20\" style=\"--fontSize:20; line-height: 1.5;\" data-lineheight=\"30px\" class=\"fusion-responsive-typography-calculated\">SKANNEERIMINE<\/h3>\n<table dir=\"ltr\" border=\"1\" cellspacing=\"0\" cellpadding=\"0\">\n<colgroup>\n<col width=\"944\">\n<col width=\"71\"><\/colgroup>\n<tbody>\n<tr>\n<td data-sheets-value=\"{\">\u00dcksiku negatiivi v\u00f5i raamita slaidi skanneerimine<\/td>\n<td data-sheets-value=\"{\" data-sheets-numberformat=\"{\">0.70<\/td>\n<\/tr>\n<tr>\n<td data-sheets-value=\"{\">Raamis slaidi skannerimine<\/td>\n<td data-sheets-value=\"{\" data-sheets-numberformat=\"{\">0.80<\/td>\n<\/tr>\n<tr>\n<td data-sheets-value=\"{\">\u00dcksiku negatiiviriba skanneerimine res.1273&#215;1896 (kuni 6kaadrit)<\/td>\n<td data-sheets-value=\"{\" data-sheets-numberformat=\"{\">1.00<\/td>\n<\/tr>\n<tr>\n<td><\/td>\n<td data-sheets-numberformat=\"{\"><\/td>\n<\/tr>\n<tr>\n<td data-sheets-value=\"{\"><\/td>\n<td data-sheets-value=\"{\" data-sheets-numberformat=\"{\"><\/td>\n<\/tr>\n<tr>\n<td data-sheets-value=\"{\">Filmi skanneerimine resolutsiooniga 1273&#215;1896<\/td>\n<td data-sheets-value=\"{\" data-sheets-numberformat=\"{\">5.00<\/td>\n<\/tr>\n<tr>\n<td data-sheets-value=\"{\">Filmi skanneerimine resolutsiooniga 2546&#215;3793<\/td>\n<td data-sheets-value=\"{\" data-sheets-numberformat=\"{\">7.50<\/td>\n<\/tr>\n<tr>\n<td><\/td>\n<td><\/td>\n<\/tr>\n<tr>\n<td data-sheets-value=\"{\">\u00dche foto v\u00f5i dokumendi skanneerimine m\u00f5\u00f5duni A4 KIIRFOTO <b>1-5tk 1.50<\/b> \/ 6+ 1\u20ac<\/td>\n<td data-sheets-value=\"{\" data-sheets-numberformat=\"{\">1.00<\/td>\n<\/tr>\n<tr>\n<td data-sheets-value=\"{\"><\/td>\n<td data-sheets-value=\"{\" data-sheets-numberformat=\"{\"><\/td>\n<\/tr>\n<\/tbody>\n<\/table>\n<h3 data-fontsize=\"20\" style=\"--fontSize:20; line-height: 1.5;\" data-lineheight=\"30px\" class=\"fusion-responsive-typography-calculated\">REPRO &#8211; FOTO OLEMASOLEVAST FOTOST (soodusfoto 2 t\u00f6\u00f6p\u00e4eva)<\/h3>\n<table dir=\"ltr\" border=\"1\" cellspacing=\"0\" cellpadding=\"0\">\n<colgroup>\n<col width=\"944\">\n<col width=\"71\"><\/colgroup>\n<tbody>\n<tr>\n<td data-sheets-value=\"{\">Foto fotost 10&#215;15 esimene KIIRFOTO<\/td>\n<td data-sheets-value=\"{\" data-sheets-numberformat=\"{\">4.90<\/td>\n<\/tr>\n<tr>\n<td data-sheets-value=\"{\">Foto fotost 10&#215;15 iga j\u00e4rgnev KIIRFOTO<\/td>\n<td data-sheets-value=\"{\" data-sheets-numberformat=\"{\">1.50<\/td>\n<\/tr>\n<tr>\n<td data-sheets-value=\"{\">Foto fotost 10&#215;15 esimene SOODUSFOTO<\/td>\n<td data-sheets-value=\"{\" data-sheets-numberformat=\"{\">2.50<\/td>\n<\/tr>\n<tr>\n<td data-sheets-value=\"{\">Foto fotost 10&#215;15 iga j\u00e4rgnev<\/td>\n<td data-sheets-value=\"{\" data-sheets-numberformat=\"{\">1.00<\/td>\n<\/tr>\n<tr>\n<td><\/td>\n<td data-sheets-numberformat=\"{\"><\/td>\n<\/tr>\n<tr>\n<td data-sheets-value=\"{\">Foto fotost 15&#215;20 esimene KIIRFOTO<\/td>\n<td data-sheets-value=\"{\" data-sheets-numberformat=\"{\">5.90<\/td>\n<\/tr>\n<tr>\n<td data-sheets-value=\"{\">Foto fotost 15&#215;20 iga j\u00e4rgnev KIIRFOTO<\/td>\n<td data-sheets-value=\"{\" data-sheets-numberformat=\"{\">2.30<\/td>\n<\/tr>\n<tr>\n<td data-sheets-value=\"{\">Foto fotost 15&#215;20 esimene SOODUSFOTO<\/td>\n<td data-sheets-value=\"{\" data-sheets-numberformat=\"{\">3.20<\/td>\n<\/tr>\n<tr>\n<td data-sheets-value=\"{\">Foto fotost 15&#215;20 iga j\u00e4rgnev SOODUSFOTO<\/td>\n<td data-sheets-value=\"{\" data-sheets-numberformat=\"{\">1.50<\/td>\n<\/tr>\n<tr>\n<td><\/td>\n<td data-sheets-numberformat=\"{\"><\/td>\n<\/tr>\n<tr>\n<td data-sheets-value=\"{\">Foto fotost 20&#215;30 esimene KIIRFOTO<\/td>\n<td data-sheets-value=\"{\" data-sheets-numberformat=\"{\">7.50<\/td>\n<\/tr>\n<tr>\n<td data-sheets-value=\"{\">Foto fotost 20&#215;30 iga j\u00e4rgnev KIIRFOTO<\/td>\n<td data-sheets-value=\"{\" data-sheets-numberformat=\"{\">5.20<\/td>\n<\/tr>\n<tr>\n<td data-sheets-value=\"{\">Foto fotost 20&#215;30 esimene SOODUSFOTO<\/td>\n<td data-sheets-value=\"{\" data-sheets-numberformat=\"{\">4.50<\/td>\n<\/tr>\n<tr>\n<td data-sheets-value=\"{\">Foto fotost 20&#215;30 iga j\u00e4rgnev SOODUSFOTO<\/td>\n<td data-sheets-value=\"{\" data-sheets-numberformat=\"{\">3.20<\/td>\n<\/tr>\n<\/tbody>\n<\/table>\n<h3 data-fontsize=\"20\" style=\"--fontSize:20; line-height: 1.5;\" data-lineheight=\"30px\" class=\"fusion-responsive-typography-calculated\">LISATEENUSED<\/h3>\n<table dir=\"ltr\" border=\"1\" cellspacing=\"0\" cellpadding=\"0\">\n<colgroup>\n<col width=\"944\">\n<col width=\"71\"><\/colgroup>\n<tbody>\n<tr>\n<td data-sheets-value=\"{\">Fotode t\u00f6\u00f6tlemine kliendi juuresolekul 1tk<\/td>\n<td data-sheets-value=\"{\" data-sheets-numberformat=\"{\">0.50<\/td>\n<\/tr>\n<tr>\n<td data-sheets-value=\"{\">Fotot\u00f6\u00f6tlus <\/td>\n<td data-sheets-value=\"{\" data-sheets-numberformat=\"{\">from 3.00<\/td>\n<\/tr>\n<tr>\n<td data-sheets-value=\"{\">Foto 6&#215;9 2tk , 5&#215;5 2tk ,4&#215;5 4tk lehel (v.a dokumendifoto)<\/td>\n<td data-sheets-value=\"{\" data-sheets-numberformat=\"{\">2.00<\/td>\n<\/tr>\n<tr>\n<td data-sheets-value=\"{\">Foto kadreeringuga<\/td>\n<td data-sheets-value=\"{\" data-sheets-numberformat=\"{\">0.50<\/td>\n<\/tr>\n<tr>\n<td data-sheets-value=\"{\">Video salvestamine DVD-le (1min)<\/td>\n<td data-sheets-value=\"{\" data-sheets-numberformat=\"{\">0.30<\/td>\n<\/tr>\n<tr>\n<td data-sheets-value=\"{\">M\u00e4lukaardi info salvestamine DVD-le<\/td>\n<td data-sheets-value=\"{\" data-sheets-numberformat=\"{\">from 4.00<\/td>\n<\/tr>\n<tr>\n<td data-sheets-value=\"{\">Foto raami panemine kuni A4 1\u20ac\/tk   A3 ja suurem 2.50 \u20ac\/tk<\/td>\n<td data-sheets-value=\"{\" data-sheets-numberformat=\"{\">from 1.00<\/td>\n<\/tr>\n<tr>\n<td data-sheets-value=\"{\">Punaste silmade eemaldamine<\/td>\n<td data-sheets-value=\"{\" data-sheets-numberformat=\"{\">0.20<\/td>\n<\/tr>\n<tr>\n<td data-sheets-value=\"{\">Copy A4 one-sided black-white 1-5 pcs 0,55\u20ac \/ 6+ 0,40\u20ac<\/td>\n<td data-sheets-value=\"{\"><\/td>\n<\/tr>\n<tr>\n<td data-sheets-value=\"{\">Printing A4 black-and white from any media 1-5 pcs 0,60\u20ac \/ 6-10 pcs 0,50\u20ac \/ 10+ 0,40\u20ac<\/td>\n<td data-sheets-value=\"{\"><\/td>\n<\/tr>\n<tr>\n<td data-sheets-value=\"{\">Black and white printing A4 from the e-mail 1-5 pcs 0,70\u20ac \/ 6+ 0,50\u20ac<\/td>\n<td data-sheets-value=\"{\"><\/td>\n<\/tr>\n<tr>\n<td data-sheets-value=\"{\">Colour printing A4 1-5 pcs 1.30\u20ac \/ 6+ tk 1\u20ac pcs<\/td>\n<td data-sheets-value=\"{\">from 1<\/td>\n<\/tr>\n<tr>\n<td data-sheets-value=\"{\">Lamination of one photo or a document up to the size A4<\/td>\n<td data-sheets-value=\"{\">2.50<\/td>\n<\/tr>\n<\/tbody>\n<\/table>\n<\/div><div class=\"fusion-clearfix\"><\/div><\/div><\/div><\/div><\/div>\n","protected":false},"excerpt":{"rendered":"","protected":false},"author":2,"featured_media":0,"parent":0,"menu_order":0,"comment_status":"closed","ping_status":"closed","template":"","meta":{"_acf_changed":false,"footnotes":""},"class_list":["post-424","page","type-page","status-publish","hentry"],"acf":[],"_links":{"self":[{"href":"https:\/\/centrumfoto.ee\/en\/wp-json\/wp\/v2\/pages\/424","targetHints":{"allow":["GET"]}}],"collection":[{"href":"https:\/\/centrumfoto.ee\/en\/wp-json\/wp\/v2\/pages"}],"about":[{"href":"https:\/\/centrumfoto.ee\/en\/wp-json\/wp\/v2\/types\/page"}],"author":[{"embeddable":true,"href":"https:\/\/centrumfoto.ee\/en\/wp-json\/wp\/v2\/users\/2"}],"replies":[{"embeddable":true,"href":"https:\/\/centrumfoto.ee\/en\/wp-json\/wp\/v2\/comments?post=424"}],"version-history":[{"count":5,"href":"https:\/\/centrumfoto.ee\/en\/wp-json\/wp\/v2\/pages\/424\/revisions"}],"predecessor-version":[{"id":6279,"href":"https:\/\/centrumfoto.ee\/en\/wp-json\/wp\/v2\/pages\/424\/revisions\/6279"}],"wp:attachment":[{"href":"https:\/\/centrumfoto.ee\/en\/wp-json\/wp\/v2\/media?parent=424"}],"curies":[{"name":"wp","href":"https:\/\/api.w.org\/{rel}","templated":true}]}}